{"id":40,"date":"2015-01-06T20:11:22","date_gmt":"2015-01-06T20:11:22","guid":{"rendered":"http:\/\/www.pferdephysiotherapie-zell.de\/wp\/?page_id=40"},"modified":"2015-03-18T21:04:05","modified_gmt":"2015-03-18T21:04:05","slug":"impressum","status":"publish","type":"page","link":"https:\/\/www.pferdephysiotherapie-zell.de\/?page_id=40","title":{"rendered":"Impressum"},"content":{"rendered":"<p><span style=\"color: #ff6600;\"><strong>Impressum<\/strong><\/span><\/p>\n<p>Haftungsausschluss<\/p>\n<p>Eine Haftung f\u00fcr die Richtigkeit der Ver\u00f6ffentlichungen und Links kann nicht \u00fcbernommen werden. Claudia Zell ist nicht verantwortlich f\u00fcr die Inhalte externer Internetseiten.<\/p>\n<p>Kontaktadresse<\/p>\n<p>Claudia Zell<br \/>\nReute Str. 55<\/p>\n<p>88339 Bad Waldsee<\/p>\n<p>Telefon: +49\u00a0152 01911054<\/p>\n<p>Amtsgericht<\/p>\n<p>Umsatzsteuer-IdNr.: DE213666070<\/p>\n","protected":false},"excerpt":{"rendered":"<p>Impressum Haftungsausschluss Eine Haftung f\u00fcr die Richtigkeit der Ver\u00f6ffentlichungen und Links kann nicht \u00fcbernommen werden. Claudia Zell ist nicht verantwortlich f\u00fcr die Inhalte externer Internetseiten. Kontaktadresse Claudia Zell Reute Str. 55 88339 Bad Waldsee Telefon: +49\u00a0152 01911054 Amtsgericht Umsatzsteuer-IdNr.: DE213666070<\/p>\n","protected":false},"author":1,"featured_media":0,"parent":0,"menu_order":0,"comment_status":"open","ping_status":"open","template":"","meta":{"footnotes":""},"class_list":["post-40","page","type-page","status-publish","hentry"],"_links":{"self":[{"href":"https:\/\/www.pferdephysiotherapie-zell.de\/index.php?rest_route=\/wp\/v2\/pages\/40","targetHints":{"allow":["GET"]}}],"collection":[{"href":"https:\/\/www.pferdephysiotherapie-zell.de\/index.php?rest_route=\/wp\/v2\/pages"}],"about":[{"href":"https:\/\/www.pferdephysiotherapie-zell.de\/index.php?rest_route=\/wp\/v2\/types\/page"}],"author":[{"embeddable":true,"href":"https:\/\/www.pferdephysiotherapie-zell.de\/index.php?rest_route=\/wp\/v2\/users\/1"}],"replies":[{"embeddable":true,"href":"https:\/\/www.pferdephysiotherapie-zell.de\/index.php?rest_route=%2Fwp%2Fv2%2Fcomments&post=40"}],"version-history":[{"count":2,"href":"https:\/\/www.pferdephysiotherapie-zell.de\/index.php?rest_route=\/wp\/v2\/pages\/40\/revisions"}],"predecessor-version":[{"id":198,"href":"https:\/\/www.pferdephysiotherapie-zell.de\/index.php?rest_route=\/wp\/v2\/pages\/40\/revisions\/198"}],"wp:attachment":[{"href":"https:\/\/www.pferdephysiotherapie-zell.de\/index.php?rest_route=%2Fwp%2Fv2%2Fmedia&parent=40"}],"curies":[{"name":"wp","href":"https:\/\/api.w.org\/{rel}","templated":true}]}}